{"id":1259,"date":"2017-11-15T11:33:10","date_gmt":"2017-11-15T10:33:10","guid":{"rendered":"http:\/\/www.ailestourangelles.fr\/?page_id=1259"},"modified":"2023-06-19T16:34:38","modified_gmt":"2023-06-19T15:34:38","slug":"qualification-vol-de-nuit","status":"publish","type":"page","link":"https:\/\/ailestourangelles.sixnovembre.fr\/en\/qualification-vol-de-nuit\/","title":{"rendered":"Qualification vol de nuit"},"content":{"rendered":"<p><\/p>\n<p>L&#8217;a\u00e9rodrome d&#8217;Amboise-Dierre \u00e0 la chance d&#8217;\u00eatre&nbsp;\u00e9quip\u00e9 pour faire du vol de nuit. L\u2019habilitation Vol de Nuit&nbsp;permet d\u2019affiner son pilotage et de d\u00e9couvrir la troisi\u00e8me dimension d\u2019une autre mani\u00e8re. Sous r\u00e9serve de ne pas avoir de restriction m\u00e9dicale, elle s\u2019obtient apr\u00e8s avoir effectu\u00e9 :<\/p>\n<ul>\n<li>5 heures de vol de nuit dont 3 heures en double commande.<\/li>\n<li>1 heure de vol en campagne, (navigation),en double commande.<\/li>\n<li>5 d\u00e9collages et 5 atterrissages complets de nuit.<\/li>\n<li>L\u2019habilitation \u00ab Vol de nuit \u00bb est report\u00e9e par l\u2019instructeur qui vous fait la formation sur votre carnet de vol. Elle est ensuite report\u00e9e sur votre licence par les services de la DGAC.<\/li>\n<\/ul>\n<p>L\u2019habilitation VDN est acquise \u00e0 vie, s\u2019il n\u2019y a pas de restriction m\u00e9dicale \u00e0 posteriori. Pour pouvoir emmener des passagers de nuit, il faut justifier au cours des trois derniers mois : 3 d\u00e9collages et 3 atterrissages dont 1 de nuit.<\/p>\n<p><a href=\"https:\/\/www.ailestourangelles.fr\/wp-content\/uploads\/2020\/08\/volnuit.jpg\"><img loading=\"lazy\" decoding=\"async\" class=\"aligncenter wp-image-2370 size-medium\" src=\"https:\/\/www.ailestourangelles.fr\/wp-content\/uploads\/2020\/08\/volnuit-300x150.jpg\" alt=\"\" width=\"300\" height=\"150\" srcset=\"https:\/\/ailestourangelles.sixnovembre.fr\/wp-content\/uploads\/2020\/08\/volnuit-300x150.jpg 300w, https:\/\/ailestourangelles.sixnovembre.fr\/wp-content\/uploads\/2020\/08\/volnuit-510x255.jpg 510w, https:\/\/ailestourangelles.sixnovembre.fr\/wp-content\/uploads\/2020\/08\/volnuit-768x384.jpg 768w, https:\/\/ailestourangelles.sixnovembre.fr\/wp-content\/uploads\/2020\/08\/volnuit.jpg 1280w\" sizes=\"auto, (max-width: 300px) 100vw, 300px\" \/><\/a><\/p>\n<p><\/p>","protected":false},"excerpt":{"rendered":"<p>L&#8217;a\u00e9rodrome d&#8217;Amboise-Dierre \u00e0 la chance d&#8217;\u00eatre&nbsp;\u00e9quip\u00e9 pour faire du vol de nuit. L\u2019habilitation Vol de Nuit&nbsp;permet d\u2019affiner son pilotage et de d\u00e9couvrir la troisi\u00e8me dimension d\u2019une autre mani\u00e8re. Sous r\u00e9serve de ne pas avoir de restriction m\u00e9dicale, elle s\u2019obtient apr\u00e8s avoir effectu\u00e9 : 5 heures de vol de nuit dont 3 heures en double commande. [&hellip;]<\/p>\n","protected":false},"author":14,"featured_media":0,"parent":0,"menu_order":0,"comment_status":"closed","ping_status":"closed","template":"template-full-width.php","meta":{"footnotes":""},"class_list":["post-1259","page","type-page","status-publish","hentry"],"_links":{"self":[{"href":"https:\/\/ailestourangelles.sixnovembre.fr\/en\/wp-json\/wp\/v2\/pages\/1259","targetHints":{"allow":["GET"]}}],"collection":[{"href":"https:\/\/ailestourangelles.sixnovembre.fr\/en\/wp-json\/wp\/v2\/pages"}],"about":[{"href":"https:\/\/ailestourangelles.sixnovembre.fr\/en\/wp-json\/wp\/v2\/types\/page"}],"author":[{"embeddable":true,"href":"https:\/\/ailestourangelles.sixnovembre.fr\/en\/wp-json\/wp\/v2\/users\/14"}],"replies":[{"embeddable":true,"href":"https:\/\/ailestourangelles.sixnovembre.fr\/en\/wp-json\/wp\/v2\/comments?post=1259"}],"version-history":[{"count":6,"href":"https:\/\/ailestourangelles.sixnovembre.fr\/en\/wp-json\/wp\/v2\/pages\/1259\/revisions"}],"predecessor-version":[{"id":3993,"href":"https:\/\/ailestourangelles.sixnovembre.fr\/en\/wp-json\/wp\/v2\/pages\/1259\/revisions\/3993"}],"wp:attachment":[{"href":"https:\/\/ailestourangelles.sixnovembre.fr\/en\/wp-json\/wp\/v2\/media?parent=1259"}],"curies":[{"name":"wp","href":"https:\/\/api.w.org\/{rel}","templated":true}]}}